{"id":19,"date":"2020-04-13T09:54:38","date_gmt":"2020-04-13T09:54:38","guid":{"rendered":"https:\/\/demosites.io\/doctor\/?page_id=19"},"modified":"2023-08-22T18:23:51","modified_gmt":"2023-08-22T15:23:51","slug":"hakkimizda","status":"publish","type":"page","link":"http:\/\/buyukorhanogrenciyurdu.com\/en\/hakkimizda\/","title":{"rendered":"About Us"},"content":{"rendered":"<div data-elementor-type=\"wp-page\" data-elementor-id=\"19\" class=\"elementor elementor-19\" data-elementor-settings=\"[]\">\n\t\t\t\t\t\t<div class=\"elementor-inner\">\n\t\t\t\t\t\t\t<div class=\"elementor-section-wrap\">\n\t\t\t\t\t\t\t<section class=\"elementor-section elementor-top-section elementor-element elementor-element-e5fa584 elementor-section-boxed elementor-section-height-default elementor-section-height-default\" data-id=\"e5fa584\" data-element_type=\"section\" data-settings=\"{&quot;background_background&quot;:&quot;gradient&quot;}\">\n\t\t\t\t\t\t\t<div class=\"elementor-background-overlay\"><\/div>\n\t\t\t\t\t\t\t<div class=\"elementor-container elementor-column-gap-default\">\n\t\t\t\t\t\t\t<div class=\"elementor-row\">\n\t\t\t\t\t<div class=\"elementor-column elementor-col-100 elementor-top-column elementor-element elementor-element-11f8bbe\" data-id=\"11f8bbe\" data-element_type=\"column\">\n\t\t\t<div class=\"elementor-column-wrap elementor-element-populated\">\n\t\t\t\t\t\t\t<div class=\"elementor-widget-wrap\">\n\t\t\t\t\t\t<section class=\"elementor-section elementor-inner-section elementor-element elementor-element-79cc111 elementor-section-boxed elementor-section-height-default elementor-section-height-default\" data-id=\"79cc111\" data-element_type=\"section\">\n\t\t\t\t\t\t<div class=\"elementor-container elementor-column-gap-default\">\n\t\t\t\t\t\t\t<div class=\"elementor-row\">\n\t\t\t\t\t<div class=\"elementor-column elementor-col-100 elementor-inner-column elementor-element elementor-element-1c70bae\" data-id=\"1c70bae\" data-element_type=\"column\">\n\t\t\t<div class=\"elementor-column-wrap elementor-element-populated\">\n\t\t\t\t\t\t\t<div class=\"elementor-widget-wrap\">\n\t\t\t\t\t\t<div class=\"elementor-element elementor-element-413e684 elementor-widget elementor-widget-heading\" data-id=\"413e684\" data-element_type=\"widget\" data-widget_type=\"heading.default\">\n\t\t\t\t<div class=\"elementor-widget-container\">\n\t\t\t<h1 class=\"elementor-heading-title elementor-size-default\">About Us<\/h1>\t\t<\/div>\n\t\t\t\t<\/div>\n\t\t\t\t<div class=\"elementor-element elementor-element-bf95e1c elementor-widget elementor-widget-text-editor\" data-id=\"bf95e1c\" data-element_type=\"widget\" data-widget_type=\"text-editor.default\">\n\t\t\t\t<div class=\"elementor-widget-container\">\n\t\t\t\t\t<div class=\"elementor-text-editor elementor-clearfix\"><p>B\u00fcy\u00fckorhan Erkek \u00d6\u011frenci Yurdu<\/p><\/div>\n\t\t\t\t<\/div>\n\t\t\t\t<\/div>\n\t\t\t\t\t\t<\/div>\n\t\t\t\t\t<\/div>\n\t\t<\/div>\n\t\t\t\t\t\t\t\t<\/div>\n\t\t\t\t\t<\/div>\n\t\t<\/section>\n\t\t\t\t\t\t<\/div>\n\t\t\t\t\t<\/div>\n\t\t<\/div>\n\t\t\t\t\t\t\t\t<\/div>\n\t\t\t\t\t<\/div>\n\t\t<\/section>\n\t\t\t\t<section class=\"elementor-section elementor-top-section elementor-element elementor-element-0e45a3c elementor-section-boxed elementor-section-height-default elementor-section-height-default\" data-id=\"0e45a3c\" data-element_type=\"section\" data-settings=\"{&quot;background_background&quot;:&quot;classic&quot;}\">\n\t\t\t\t\t\t<div class=\"elementor-container elementor-column-gap-default\">\n\t\t\t\t\t\t\t<div class=\"elementor-row\">\n\t\t\t\t\t<div class=\"elementor-column elementor-col-100 elementor-top-column elementor-element elementor-element-34b6e41\" data-id=\"34b6e41\" data-element_type=\"column\">\n\t\t\t<div class=\"elementor-column-wrap elementor-element-populated\">\n\t\t\t\t\t\t\t<div class=\"elementor-widget-wrap\">\n\t\t\t\t\t\t<section class=\"elementor-section elementor-inner-section elementor-element elementor-element-2b76dc2 elementor-section-content-middle elementor-reverse-mobile elementor-section-boxed elementor-section-height-default elementor-section-height-default\" data-id=\"2b76dc2\" data-element_type=\"section\" data-settings=\"{&quot;background_background&quot;:&quot;classic&quot;}\">\n\t\t\t\t\t\t<div class=\"elementor-container elementor-column-gap-default\">\n\t\t\t\t\t\t\t<div class=\"elementor-row\">\n\t\t\t\t\t<div class=\"elementor-column elementor-col-50 elementor-inner-column elementor-element elementor-element-f7f8ddd\" data-id=\"f7f8ddd\" data-element_type=\"column\" data-settings=\"{&quot;background_background&quot;:&quot;classic&quot;}\">\n\t\t\t<div class=\"elementor-column-wrap elementor-element-populated\">\n\t\t\t\t\t\t\t<div class=\"elementor-widget-wrap\">\n\t\t\t\t\t\t<div class=\"elementor-element elementor-element-3b4cf0f elementor-widget elementor-widget-heading\" data-id=\"3b4cf0f\" data-element_type=\"widget\" data-widget_type=\"heading.default\">\n\t\t\t\t<div class=\"elementor-widget-container\">\n\t\t\t<h2 class=\"elementor-heading-title elementor-size-default\">Yerimiz &amp; Binam\u0131z<\/h2>\t\t<\/div>\n\t\t\t\t<\/div>\n\t\t\t\t<div class=\"elementor-element elementor-element-f0ed00f elementor-widget-divider--view-line elementor-widget elementor-widget-divider\" data-id=\"f0ed00f\" data-element_type=\"widget\" data-widget_type=\"divider.default\">\n\t\t\t\t<div class=\"elementor-widget-container\">\n\t\t\t\t\t<div class=\"elementor-divider\">\n\t\t\t<span class=\"elementor-divider-separator\">\n\t\t\t\t\t\t<\/span>\n\t\t<\/div>\n\t\t\t\t<\/div>\n\t\t\t\t<\/div>\n\t\t\t\t<div class=\"elementor-element elementor-element-c593761 elementor-widget elementor-widget-text-editor\" data-id=\"c593761\" data-element_type=\"widget\" data-widget_type=\"text-editor.default\">\n\t\t\t\t<div class=\"elementor-widget-container\">\n\t\t\t\t\t<div class=\"elementor-text-editor elementor-clearfix\"><p>Adresimiz Orhan Mahallesi Dursunbey caddesi no.24 Orhaneli \/ Bursa (B\u00fcy\u00fckorhan Y\u00fcksek\u00f6\u011frenim \u00d6\u011frenci Yurdu)<\/p><p>Hay\u0131rsever halk\u0131m\u0131z\u0131n yard\u0131m\u0131yla 1300 metrekare arsa \u00fczerine<br \/>1270 metre kare kapal\u0131 alan ile<br \/>5 katl\u0131 ve 40 \u00f6\u011frenci kapasiteli olarak faaliyetimizi s\u00fcrd\u00fcrmekteyiz.<\/p><\/div>\n\t\t\t\t<\/div>\n\t\t\t\t<\/div>\n\t\t\t\t\t\t<\/div>\n\t\t\t\t\t<\/div>\n\t\t<\/div>\n\t\t\t\t<div class=\"elementor-column elementor-col-50 elementor-inner-column elementor-element elementor-element-880a777\" data-id=\"880a777\" data-element_type=\"column\">\n\t\t\t<div class=\"elementor-column-wrap elementor-element-populated\">\n\t\t\t\t\t\t\t<div class=\"elementor-widget-wrap\">\n\t\t\t\t\t\t<div class=\"elementor-element elementor-element-89ac338 elementor-widget elementor-widget-image\" data-id=\"89ac338\" data-element_type=\"widget\" data-widget_type=\"image.default\">\n\t\t\t\t<div class=\"elementor-widget-container\">\n\t\t\t\t\t<div class=\"elementor-image\">\n\t\t\t\t\t\t\t\t\t\t<img loading=\"lazy\" width=\"1024\" height=\"543\" src=\"https:\/\/buyukorhanogrenciyurdu.com\/wp-content\/uploads\/2023\/08\/cropped-logo-1024x543.jpg\" class=\"attachment-large size-large\" alt=\"\" decoding=\"async\" srcset=\"https:\/\/buyukorhanogrenciyurdu.com\/wp-content\/uploads\/2023\/08\/cropped-logo-1024x543.jpg 1024w, https:\/\/buyukorhanogrenciyurdu.com\/wp-content\/uploads\/2023\/08\/cropped-logo-300x159.jpg 300w, https:\/\/buyukorhanogrenciyurdu.com\/wp-content\/uploads\/2023\/08\/cropped-logo-768x408.jpg 768w, https:\/\/buyukorhanogrenciyurdu.com\/wp-content\/uploads\/2023\/08\/cropped-logo-1536x815.jpg 1536w, https:\/\/buyukorhanogrenciyurdu.com\/wp-content\/uploads\/2023\/08\/cropped-logo-16x8.jpg 16w, https:\/\/buyukorhanogrenciyurdu.com\/wp-content\/uploads\/2023\/08\/cropped-logo.jpg 1549w\" sizes=\"(max-width: 1024px) 100vw, 1024px\" \/>\t\t\t\t\t\t\t\t\t\t\t<\/div>\n\t\t\t\t<\/div>\n\t\t\t\t<\/div>\n\t\t\t\t\t\t<\/div>\n\t\t\t\t\t<\/div>\n\t\t<\/div>\n\t\t\t\t\t\t\t\t<\/div>\n\t\t\t\t\t<\/div>\n\t\t<\/section>\n\t\t\t\t<section class=\"elementor-section elementor-inner-section elementor-element elementor-element-cac30d9 elementor-section-content-middle elementor-section-boxed elementor-section-height-default elementor-section-height-default\" data-id=\"cac30d9\" data-element_type=\"section\">\n\t\t\t\t\t\t<div class=\"elementor-container elementor-column-gap-default\">\n\t\t\t\t\t\t\t<div class=\"elementor-row\">\n\t\t\t\t\t<div class=\"elementor-column elementor-col-50 elementor-inner-column elementor-element elementor-element-ee81455\" data-id=\"ee81455\" data-element_type=\"column\">\n\t\t\t<div class=\"elementor-column-wrap elementor-element-populated\">\n\t\t\t\t\t\t\t<div class=\"elementor-widget-wrap\">\n\t\t\t\t\t\t<div class=\"elementor-element elementor-element-43f0d4c elementor-widget elementor-widget-image\" data-id=\"43f0d4c\" data-element_type=\"widget\" data-widget_type=\"image.default\">\n\t\t\t\t<div class=\"elementor-widget-container\">\n\t\t\t\t\t<div class=\"elementor-image\">\n\t\t\t\t\t\t\t\t\t\t<img loading=\"lazy\" width=\"473\" height=\"1024\" src=\"https:\/\/buyukorhanogrenciyurdu.com\/wp-content\/uploads\/2023\/08\/2-473x1024.jpg\" class=\"attachment-large size-large\" alt=\"\" decoding=\"async\" srcset=\"https:\/\/buyukorhanogrenciyurdu.com\/wp-content\/uploads\/2023\/08\/2-473x1024.jpg 473w, https:\/\/buyukorhanogrenciyurdu.com\/wp-content\/uploads\/2023\/08\/2-139x300.jpg 139w, https:\/\/buyukorhanogrenciyurdu.com\/wp-content\/uploads\/2023\/08\/2-768x1663.jpg 768w, https:\/\/buyukorhanogrenciyurdu.com\/wp-content\/uploads\/2023\/08\/2-710x1536.jpg 710w, https:\/\/buyukorhanogrenciyurdu.com\/wp-content\/uploads\/2023\/08\/2-946x2048.jpg 946w, https:\/\/buyukorhanogrenciyurdu.com\/wp-content\/uploads\/2023\/08\/2-6x12.jpg 6w, https:\/\/buyukorhanogrenciyurdu.com\/wp-content\/uploads\/2023\/08\/2-scaled.jpg 1183w\" sizes=\"(max-width: 473px) 100vw, 473px\" \/>\t\t\t\t\t\t\t\t\t\t\t<\/div>\n\t\t\t\t<\/div>\n\t\t\t\t<\/div>\n\t\t\t\t\t\t<\/div>\n\t\t\t\t\t<\/div>\n\t\t<\/div>\n\t\t\t\t<div class=\"elementor-column elementor-col-50 elementor-inner-column elementor-element elementor-element-874a465\" data-id=\"874a465\" data-element_type=\"column\" data-settings=\"{&quot;background_background&quot;:&quot;classic&quot;}\">\n\t\t\t<div class=\"elementor-column-wrap elementor-element-populated\">\n\t\t\t\t\t\t\t<div class=\"elementor-widget-wrap\">\n\t\t\t\t\t\t<div class=\"elementor-element elementor-element-aca47f6 elementor-widget elementor-widget-heading\" data-id=\"aca47f6\" data-element_type=\"widget\" data-widget_type=\"heading.default\">\n\t\t\t\t<div class=\"elementor-widget-container\">\n\t\t\t<h2 class=\"elementor-heading-title elementor-size-default\">M\u0130SYONUMUZ<\/h2>\t\t<\/div>\n\t\t\t\t<\/div>\n\t\t\t\t<div class=\"elementor-element elementor-element-501aeec elementor-widget-divider--view-line elementor-widget elementor-widget-divider\" data-id=\"501aeec\" data-element_type=\"widget\" data-widget_type=\"divider.default\">\n\t\t\t\t<div class=\"elementor-widget-container\">\n\t\t\t\t\t<div class=\"elementor-divider\">\n\t\t\t<span class=\"elementor-divider-separator\">\n\t\t\t\t\t\t<\/span>\n\t\t<\/div>\n\t\t\t\t<\/div>\n\t\t\t\t<\/div>\n\t\t\t\t<div class=\"elementor-element elementor-element-ee74362 elementor-widget elementor-widget-text-editor\" data-id=\"ee74362\" data-element_type=\"widget\" data-widget_type=\"text-editor.default\">\n\t\t\t\t<div class=\"elementor-widget-container\">\n\t\t\t\t\t<div class=\"elementor-text-editor elementor-clearfix\"><p>B\u00fcy\u00fckorhan Y\u00fcksek\u00f6\u011frenim \u00d6\u011frenci Yurdu olarak misyonumuz \u201cbirlik, beraberlik ve karde\u015flik ruhuna uygun; milli-manevi de\u011ferleriyle b\u00fct\u00fcnle\u015fmi\u015f, asr\u0131n ilimleriyle donat\u0131lm\u0131\u015f nesiller yeti\u015ftirmektir.<\/p><p>Bursa is a city to live with its developed industry and its unique nature that offers job and internship opportunities.<\/p><p>\u201cNitelikli gen\u00e7ler yeti\u015ftirmek\u201d gayesiyle \u00e7\u0131kt\u0131\u011f\u0131m\u0131z bu yolda yapt\u0131\u011f\u0131m\u0131z plan, program ve sosyal aktivitelerle \u00f6\u011frencilerimizi yeti\u015ftirmeye \u00e7al\u0131\u015f\u0131rken bir yandan ise \u00f6z\u00fcm\u00fczdeki karde\u015flik anlay\u0131\u015f\u0131 ile b\u00fcy\u00fck bir aile ortam\u0131 olu\u015fturmaya \u00e7al\u0131\u015f\u0131yoruz.<\/p><p>Our greatest desire is to raise generations that complete their education in the best way, and who protect themselves and their nation on the other hand, while values are changing rapidly in time.<\/p><p>We are continuing our sincere efforts and services with the justified pride of being an institution that raises young people who will serve humanity like them in this city founded under the shadow of great plane trees by our grandfathers who have served humanity for centuries.<\/p><\/div>\n\t\t\t\t<\/div>\n\t\t\t\t<\/div>\n\t\t\t\t\t\t<\/div>\n\t\t\t\t\t<\/div>\n\t\t<\/div>\n\t\t\t\t\t\t\t\t<\/div>\n\t\t\t\t\t<\/div>\n\t\t<\/section>\n\t\t\t\t\t\t<\/div>\n\t\t\t\t\t<\/div>\n\t\t<\/div>\n\t\t\t\t\t\t\t\t<\/div>\n\t\t\t\t\t<\/div>\n\t\t<\/section>\n\t\t\t\t\t\t<\/div>\n\t\t\t\t\t\t<\/div>\n\t\t\t\t\t<\/div>","protected":false},"excerpt":{"rendered":"<p>Hakk\u0131m\u0131zda B\u00fcy\u00fckorhan Erkek \u00d6\u011frenci Yurdu Yerimiz &amp; Binam\u0131z Adresimiz Orhan Mahallesi Dursunbey caddesi no.24 Orhaneli \/ Bursa (B\u00fcy\u00fckorhan Y\u00fcksek\u00f6\u011frenim \u00d6\u011frenci Yurdu) Hay\u0131rsever halk\u0131m\u0131z\u0131n yard\u0131m\u0131yla 1300 metrekare arsa \u00fczerine 1270 metre kare kapal\u0131 alan ile 5 katl\u0131 ve 40 \u00f6\u011frenci kapasiteli olarak faaliyetimizi s\u00fcrd\u00fcrmekteyiz. M\u0130SYONUMUZ B\u00fcy\u00fckorhan Y\u00fcksek\u00f6\u011frenim \u00d6\u011frenci Yurdu olarak misyonumuz \u201cbirlik, beraberlik ve karde\u015flik ruhuna&hellip;&nbsp;<a href=\"http:\/\/buyukorhanogrenciyurdu.com\/en\/hakkimizda\/\" class=\"\" rel=\"bookmark\">Read More &raquo;<span class=\"screen-reader-text\">About Us<\/span><\/a><\/p>","protected":false},"author":1,"featured_media":0,"parent":0,"menu_order":0,"comment_status":"closed","ping_status":"closed","template":"elementor_header_footer","meta":{"neve_meta_sidebar":"full-width","neve_meta_container":"","neve_meta_enable_content_width":"on","neve_meta_content_width":100,"neve_meta_title_alignment":"","neve_meta_author_avatar":"","neve_post_elements_order":"","neve_meta_disable_header":"","neve_meta_disable_footer":"","neve_meta_disable_title":"","footnotes":""},"_links":{"self":[{"href":"http:\/\/buyukorhanogrenciyurdu.com\/en\/wp-json\/wp\/v2\/pages\/19"}],"collection":[{"href":"http:\/\/buyukorhanogrenciyurdu.com\/en\/wp-json\/wp\/v2\/pages"}],"about":[{"href":"http:\/\/buyukorhanogrenciyurdu.com\/en\/wp-json\/wp\/v2\/types\/page"}],"author":[{"embeddable":true,"href":"http:\/\/buyukorhanogrenciyurdu.com\/en\/wp-json\/wp\/v2\/users\/1"}],"replies":[{"embeddable":true,"href":"http:\/\/buyukorhanogrenciyurdu.com\/en\/wp-json\/wp\/v2\/comments?post=19"}],"version-history":[{"count":8,"href":"http:\/\/buyukorhanogrenciyurdu.com\/en\/wp-json\/wp\/v2\/pages\/19\/revisions"}],"predecessor-version":[{"id":215,"href":"http:\/\/buyukorhanogrenciyurdu.com\/en\/wp-json\/wp\/v2\/pages\/19\/revisions\/215"}],"wp:attachment":[{"href":"http:\/\/buyukorhanogrenciyurdu.com\/en\/wp-json\/wp\/v2\/media?parent=19"}],"curies":[{"name":"wp","href":"https:\/\/api.w.org\/{rel}","templated":true}]}}